{"id":1748,"date":"2022-06-21T12:05:02","date_gmt":"2022-06-21T16:05:02","guid":{"rendered":"https:\/\/sindicato2schindler.cl\/sitio\/?page_id=1748"},"modified":"2022-06-22T23:20:22","modified_gmt":"2022-06-23T03:20:22","slug":"dia-del-trabajador-de-ascensores","status":"publish","type":"page","link":"https:\/\/sindicato2schindler.cl\/sitio\/dia-del-trabajador-de-ascensores\/","title":{"rendered":"D\u00eda del Trabajador de Ascensores"},"content":{"rendered":"<p style=\"text-align: center;\"><img loading=\"lazy\" decoding=\"async\" class=\"aligncenter size-full wp-image-1763\" src=\"https:\/\/sindicato2schindler.cl\/sitio\/wp-content\/uploads\/2022\/06\/banner-videos.png\" alt=\"\" width=\"670\" height=\"300\" srcset=\"https:\/\/sindicato2schindler.cl\/sitio\/wp-content\/uploads\/2022\/06\/banner-videos.png 670w, https:\/\/sindicato2schindler.cl\/sitio\/wp-content\/uploads\/2022\/06\/banner-videos-300x134.png 300w\" sizes=\"auto, (max-width: 670px) 100vw, 670px\" \/><strong><a href=\"https:\/\/drive.google.com\/file\/d\/1ox5eEf47i9shyWsQvEyGF2O5r8hoeEo_\/view\">Reuni\u00f3n Extrordinaria \u00abD\u00eda del Trabajador de Ascensores\u00bb<\/a><\/strong><\/p>\n<p style=\"text-align: center;\"><a href=\"https:\/\/drive.google.com\/file\/d\/1ed3jOxDrg3kbii5bLFph6yAo9Bl7MUK0\/view\" target=\"_blank\" rel=\"noopener\"><strong>Clic Aqu\u00ed para ver VIDEO 1<\/strong><\/a><\/p>\n<p style=\"text-align: center;\"><a href=\"https:\/\/drive.google.com\/file\/d\/1Elvvs9_sg6Rv72pfSrccuT0CNB8hwOl_\/view\" target=\"_blank\" rel=\"noopener\"><strong>Clic Aqu\u00ed para ver VIDEO 2<\/strong><\/a><\/p>\n<p style=\"text-align: center;\"><a href=\"https:\/\/drive.google.com\/file\/d\/16IueafxUKO4HTf_XjjdLx_z58QBZAGOT\/view\" target=\"_blank\" rel=\"noopener\"><strong>Clic Aqu\u00ed para ver VIDEO 3<\/strong><\/a><\/p>\n<p>&nbsp;<\/p>\n","protected":false},"excerpt":{"rendered":"<p>Reuni\u00f3n Extrordinaria \u00abD\u00eda del Trabajador de Ascensores\u00bb Clic Aqu\u00ed para ver VIDEO 1 Clic Aqu\u00ed para ver VIDEO 2 Clic Aqu\u00ed para ver VIDEO 3 &nbsp;<\/p>\n","protected":false},"author":1,"featured_media":1763,"parent":0,"menu_order":0,"comment_status":"closed","ping_status":"closed","template":"","meta":{"footnotes":""},"class_list":["post-1748","page","type-page","status-publish","has-post-thumbnail","hentry"],"_links":{"self":[{"href":"https:\/\/sindicato2schindler.cl\/sitio\/wp-json\/wp\/v2\/pages\/1748","targetHints":{"allow":["GET"]}}],"collection":[{"href":"https:\/\/sindicato2schindler.cl\/sitio\/wp-json\/wp\/v2\/pages"}],"about":[{"href":"https:\/\/sindicato2schindler.cl\/sitio\/wp-json\/wp\/v2\/types\/page"}],"author":[{"embeddable":true,"href":"https:\/\/sindicato2schindler.cl\/sitio\/wp-json\/wp\/v2\/users\/1"}],"replies":[{"embeddable":true,"href":"https:\/\/sindicato2schindler.cl\/sitio\/wp-json\/wp\/v2\/comments?post=1748"}],"version-history":[{"count":16,"href":"https:\/\/sindicato2schindler.cl\/sitio\/wp-json\/wp\/v2\/pages\/1748\/revisions"}],"predecessor-version":[{"id":1765,"href":"https:\/\/sindicato2schindler.cl\/sitio\/wp-json\/wp\/v2\/pages\/1748\/revisions\/1765"}],"wp:featuredmedia":[{"embeddable":true,"href":"https:\/\/sindicato2schindler.cl\/sitio\/wp-json\/wp\/v2\/media\/1763"}],"wp:attachment":[{"href":"https:\/\/sindicato2schindler.cl\/sitio\/wp-json\/wp\/v2\/media?parent=1748"}],"curies":[{"name":"wp","href":"https:\/\/api.w.org\/{rel}","templated":true}]}}