{"id":17,"date":"2017-05-29T15:38:28","date_gmt":"2017-05-29T19:38:28","guid":{"rendered":"http:\/\/sindicato2schindler.cl\/sitio\/?page_id=17"},"modified":"2023-10-11T13:21:08","modified_gmt":"2023-10-11T16:21:08","slug":"contacto","status":"publish","type":"page","link":"https:\/\/sindicato2schindler.cl\/sitio\/contacto\/","title":{"rendered":"Contacto"},"content":{"rendered":"\r\n<figure class=\"wp-block-image size-large\"><img loading=\"lazy\" decoding=\"async\" width=\"1018\" height=\"460\" class=\"wp-image-742\" src=\"https:\/\/sindicato2schindler.cl\/sitio\/wp-content\/uploads\/2020\/01\/contactanos.jpg\" alt=\"\" srcset=\"https:\/\/sindicato2schindler.cl\/sitio\/wp-content\/uploads\/2020\/01\/contactanos.jpg 1018w, https:\/\/sindicato2schindler.cl\/sitio\/wp-content\/uploads\/2020\/01\/contactanos-300x136.jpg 300w, https:\/\/sindicato2schindler.cl\/sitio\/wp-content\/uploads\/2020\/01\/contactanos-768x347.jpg 768w\" sizes=\"auto, (max-width: 1018px) 100vw, 1018px\" \/><\/figure>\r\n\r\n<p>Si desea tomar contacto con nuestro sindicato, por favor escr\u00edbanos a <a href=\"mailto:mauriciobustamante.sindicato2@gmail.com\"><strong>mauriciobustamante.sindicato2@gmail.com<\/strong><\/a>, <a href=\"mailto:DIRIGENTE.NACIONAL@gmail.com\"><strong>DIRIGENTE.NACIONAL@gmail.com<\/strong><\/a>, o m\u00e1ndenos un <strong>Whatsapp al +56 9 7818 8417 <\/strong>o<strong> +56 9 9235 0173<\/strong>, o escr\u00edbanos completanto el siguiente formulario.<\/p>\r\n<p>[contact-form-7 id=\u00bb85&#8243; title=\u00bbContacto\u00bb]<\/p>","protected":false},"excerpt":{"rendered":"<p>Si desea tomar contacto con nuestro sindicato, por favor escr\u00edbanos a mauriciobustamante.sindicato2@gmail.com, DIRIGENTE.NACIONAL@gmail.com, o m\u00e1ndenos un Whatsapp al +56 9 7818 8417 o +56 9 9235 0173, o escr\u00edbanos completanto el siguiente formulario. [contact-form-7 id=\u00bb85&#8243; title=\u00bbContacto\u00bb]<\/p>\n","protected":false},"author":1,"featured_media":742,"parent":0,"menu_order":0,"comment_status":"closed","ping_status":"closed","template":"","meta":{"footnotes":""},"class_list":["post-17","page","type-page","status-publish","has-post-thumbnail","hentry"],"_links":{"self":[{"href":"https:\/\/sindicato2schindler.cl\/sitio\/wp-json\/wp\/v2\/pages\/17","targetHints":{"allow":["GET"]}}],"collection":[{"href":"https:\/\/sindicato2schindler.cl\/sitio\/wp-json\/wp\/v2\/pages"}],"about":[{"href":"https:\/\/sindicato2schindler.cl\/sitio\/wp-json\/wp\/v2\/types\/page"}],"author":[{"embeddable":true,"href":"https:\/\/sindicato2schindler.cl\/sitio\/wp-json\/wp\/v2\/users\/1"}],"replies":[{"embeddable":true,"href":"https:\/\/sindicato2schindler.cl\/sitio\/wp-json\/wp\/v2\/comments?post=17"}],"version-history":[{"count":7,"href":"https:\/\/sindicato2schindler.cl\/sitio\/wp-json\/wp\/v2\/pages\/17\/revisions"}],"predecessor-version":[{"id":2008,"href":"https:\/\/sindicato2schindler.cl\/sitio\/wp-json\/wp\/v2\/pages\/17\/revisions\/2008"}],"wp:featuredmedia":[{"embeddable":true,"href":"https:\/\/sindicato2schindler.cl\/sitio\/wp-json\/wp\/v2\/media\/742"}],"wp:attachment":[{"href":"https:\/\/sindicato2schindler.cl\/sitio\/wp-json\/wp\/v2\/media?parent=17"}],"curies":[{"name":"wp","href":"https:\/\/api.w.org\/{rel}","templated":true}]}}